{"id":225,"date":"2020-05-27T11:00:12","date_gmt":"2020-05-27T11:00:12","guid":{"rendered":"https:\/\/taiji-treff.ch\/?page_id=225"},"modified":"2022-03-19T13:02:42","modified_gmt":"2022-03-19T13:02:42","slug":"impressum","status":"publish","type":"page","link":"https:\/\/taiji-treff.ch\/index.php\/impressum\/","title":{"rendered":"Impressum"},"content":{"rendered":"\n<p>Raum f\u00fcr Atem und Bewegung<br>Taiji-Treff<br>Franziska Ulrich<br>Bahnhofstrasse 7<br>8330 Pf\u00e4ffikon<br>info@taiji-treff.ch<\/p>\n\n\n\n<p>Copyright taiji-treff.ch<\/p>\n\n\n\n<p><\/p>\n","protected":false},"excerpt":{"rendered":"<p>Raum f\u00fcr Atem und BewegungTaiji-TreffFranziska UlrichBahnhofstrasse 78330 Pf\u00e4ffikoninfo@taiji-treff.ch Copyright taiji-treff.ch<\/p>\n","protected":false},"author":1,"featured_media":0,"parent":0,"menu_order":0,"comment_status":"closed","ping_status":"closed","template":"","meta":{"footnotes":""},"class_list":["post-225","page","type-page","status-publish","hentry"],"yoast_head":"<!-- This site is optimized with the Yoast SEO plugin v27.4 - https:\/\/yoast.com\/product\/yoast-seo-wordpress\/ -->\n<title>Impressum &#8211; Taiji-Treff Pf\u00e4ffikon<\/title>\n<meta name=\"description\" content=\"Taiji-Treff Pf\u00e4ffikon: Taiji-Grundkurse, ankommen, abschalten, auftanken, Taiji bewegt sanft und kr\u00e4ftigt, sgqt-Member\" \/>\n<meta name=\"robots\" content=\"index, follow, max-snippet:-1, max-image-preview:large, max-video-preview:-1\" \/>\n<link rel=\"canonical\" href=\"https:\/\/taiji-treff.ch\/index.php\/impressum\/\" \/>\n<meta property=\"og:locale\" content=\"de_DE\" \/>\n<meta property=\"og:type\" content=\"article\" \/>\n<meta property=\"og:title\" content=\"Impressum &#8211; Taiji-Treff Pf\u00e4ffikon\" \/>\n<meta property=\"og:description\" content=\"Taiji-Treff Pf\u00e4ffikon: Taiji-Grundkurse, ankommen, abschalten, auftanken, Taiji bewegt sanft und kr\u00e4ftigt, sgqt-Member\" \/>\n<meta property=\"og:url\" content=\"https:\/\/taiji-treff.ch\/index.php\/impressum\/\" \/>\n<meta property=\"og:site_name\" content=\"Taiji-Treff Pf\u00e4ffikon\" \/>\n<meta property=\"article:modified_time\" content=\"2022-03-19T13:02:42+00:00\" \/>\n<meta name=\"twitter:card\" content=\"summary_large_image\" \/>\n<meta name=\"twitter:label1\" content=\"Gesch\u00e4tzte Lesezeit\" \/>\n\t<meta name=\"twitter:data1\" content=\"1\u00a0Minute\" \/>\n<script type=\"application\/ld+json\" class=\"yoast-schema-graph\">{\"@context\":\"https:\\\/\\\/schema.org\",\"@graph\":[{\"@type\":\"WebPage\",\"@id\":\"https:\\\/\\\/taiji-treff.ch\\\/index.php\\\/impressum\\\/\",\"url\":\"https:\\\/\\\/taiji-treff.ch\\\/index.php\\\/impressum\\\/\",\"name\":\"Impressum &#8211; Taiji-Treff Pf\u00e4ffikon\",\"isPartOf\":{\"@id\":\"https:\\\/\\\/taiji-treff.ch\\\/#website\"},\"datePublished\":\"2020-05-27T11:00:12+00:00\",\"dateModified\":\"2022-03-19T13:02:42+00:00\",\"description\":\"Taiji-Treff Pf\u00e4ffikon: Taiji-Grundkurse, ankommen, abschalten, auftanken, Taiji bewegt sanft und kr\u00e4ftigt, sgqt-Member\",\"breadcrumb\":{\"@id\":\"https:\\\/\\\/taiji-treff.ch\\\/index.php\\\/impressum\\\/#breadcrumb\"},\"inLanguage\":\"de-CH\",\"potentialAction\":[{\"@type\":\"ReadAction\",\"target\":[\"https:\\\/\\\/taiji-treff.ch\\\/index.php\\\/impressum\\\/\"]}]},{\"@type\":\"BreadcrumbList\",\"@id\":\"https:\\\/\\\/taiji-treff.ch\\\/index.php\\\/impressum\\\/#breadcrumb\",\"itemListElement\":[{\"@type\":\"ListItem\",\"position\":1,\"name\":\"Home\",\"item\":\"https:\\\/\\\/taiji-treff.ch\\\/\"},{\"@type\":\"ListItem\",\"position\":2,\"name\":\"Impressum\"}]},{\"@type\":\"WebSite\",\"@id\":\"https:\\\/\\\/taiji-treff.ch\\\/#website\",\"url\":\"https:\\\/\\\/taiji-treff.ch\\\/\",\"name\":\"Taiji-Treff Pf\u00e4ffikon\",\"description\":\"\",\"publisher\":{\"@id\":\"https:\\\/\\\/taiji-treff.ch\\\/#organization\"},\"potentialAction\":[{\"@type\":\"SearchAction\",\"target\":{\"@type\":\"EntryPoint\",\"urlTemplate\":\"https:\\\/\\\/taiji-treff.ch\\\/?s={search_term_string}\"},\"query-input\":{\"@type\":\"PropertyValueSpecification\",\"valueRequired\":true,\"valueName\":\"search_term_string\"}}],\"inLanguage\":\"de-CH\"},{\"@type\":\"Organization\",\"@id\":\"https:\\\/\\\/taiji-treff.ch\\\/#organization\",\"name\":\"taji-treff.ch\",\"url\":\"https:\\\/\\\/taiji-treff.ch\\\/\",\"logo\":{\"@type\":\"ImageObject\",\"inLanguage\":\"de-CH\",\"@id\":\"https:\\\/\\\/taiji-treff.ch\\\/#\\\/schema\\\/logo\\\/image\\\/\",\"url\":\"https:\\\/\\\/taiji-treff.ch\\\/wp-content\\\/uploads\\\/2020\\\/05\\\/yin-yang.png\",\"contentUrl\":\"https:\\\/\\\/taiji-treff.ch\\\/wp-content\\\/uploads\\\/2020\\\/05\\\/yin-yang.png\",\"width\":164,\"height\":163,\"caption\":\"taji-treff.ch\"},\"image\":{\"@id\":\"https:\\\/\\\/taiji-treff.ch\\\/#\\\/schema\\\/logo\\\/image\\\/\"}}]}<\/script>\n<!-- \/ Yoast SEO plugin. -->","yoast_head_json":{"title":"Impressum &#8211; Taiji-Treff Pf\u00e4ffikon","description":"Taiji-Treff Pf\u00e4ffikon: Taiji-Grundkurse, ankommen, abschalten, auftanken, Taiji bewegt sanft und kr\u00e4ftigt, sgqt-Member","robots":{"index":"index","follow":"follow","max-snippet":"max-snippet:-1","max-image-preview":"max-image-preview:large","max-video-preview":"max-video-preview:-1"},"canonical":"https:\/\/taiji-treff.ch\/index.php\/impressum\/","og_locale":"de_DE","og_type":"article","og_title":"Impressum &#8211; Taiji-Treff Pf\u00e4ffikon","og_description":"Taiji-Treff Pf\u00e4ffikon: Taiji-Grundkurse, ankommen, abschalten, auftanken, Taiji bewegt sanft und kr\u00e4ftigt, sgqt-Member","og_url":"https:\/\/taiji-treff.ch\/index.php\/impressum\/","og_site_name":"Taiji-Treff Pf\u00e4ffikon","article_modified_time":"2022-03-19T13:02:42+00:00","twitter_card":"summary_large_image","twitter_misc":{"Gesch\u00e4tzte Lesezeit":"1\u00a0Minute"},"schema":{"@context":"https:\/\/schema.org","@graph":[{"@type":"WebPage","@id":"https:\/\/taiji-treff.ch\/index.php\/impressum\/","url":"https:\/\/taiji-treff.ch\/index.php\/impressum\/","name":"Impressum &#8211; Taiji-Treff Pf\u00e4ffikon","isPartOf":{"@id":"https:\/\/taiji-treff.ch\/#website"},"datePublished":"2020-05-27T11:00:12+00:00","dateModified":"2022-03-19T13:02:42+00:00","description":"Taiji-Treff Pf\u00e4ffikon: Taiji-Grundkurse, ankommen, abschalten, auftanken, Taiji bewegt sanft und kr\u00e4ftigt, sgqt-Member","breadcrumb":{"@id":"https:\/\/taiji-treff.ch\/index.php\/impressum\/#breadcrumb"},"inLanguage":"de-CH","potentialAction":[{"@type":"ReadAction","target":["https:\/\/taiji-treff.ch\/index.php\/impressum\/"]}]},{"@type":"BreadcrumbList","@id":"https:\/\/taiji-treff.ch\/index.php\/impressum\/#breadcrumb","itemListElement":[{"@type":"ListItem","position":1,"name":"Home","item":"https:\/\/taiji-treff.ch\/"},{"@type":"ListItem","position":2,"name":"Impressum"}]},{"@type":"WebSite","@id":"https:\/\/taiji-treff.ch\/#website","url":"https:\/\/taiji-treff.ch\/","name":"Taiji-Treff Pf\u00e4ffikon","description":"","publisher":{"@id":"https:\/\/taiji-treff.ch\/#organization"},"potentialAction":[{"@type":"SearchAction","target":{"@type":"EntryPoint","urlTemplate":"https:\/\/taiji-treff.ch\/?s={search_term_string}"},"query-input":{"@type":"PropertyValueSpecification","valueRequired":true,"valueName":"search_term_string"}}],"inLanguage":"de-CH"},{"@type":"Organization","@id":"https:\/\/taiji-treff.ch\/#organization","name":"taji-treff.ch","url":"https:\/\/taiji-treff.ch\/","logo":{"@type":"ImageObject","inLanguage":"de-CH","@id":"https:\/\/taiji-treff.ch\/#\/schema\/logo\/image\/","url":"https:\/\/taiji-treff.ch\/wp-content\/uploads\/2020\/05\/yin-yang.png","contentUrl":"https:\/\/taiji-treff.ch\/wp-content\/uploads\/2020\/05\/yin-yang.png","width":164,"height":163,"caption":"taji-treff.ch"},"image":{"@id":"https:\/\/taiji-treff.ch\/#\/schema\/logo\/image\/"}}]}},"_links":{"self":[{"href":"https:\/\/taiji-treff.ch\/index.php\/wp-json\/wp\/v2\/pages\/225","targetHints":{"allow":["GET"]}}],"collection":[{"href":"https:\/\/taiji-treff.ch\/index.php\/wp-json\/wp\/v2\/pages"}],"about":[{"href":"https:\/\/taiji-treff.ch\/index.php\/wp-json\/wp\/v2\/types\/page"}],"author":[{"embeddable":true,"href":"https:\/\/taiji-treff.ch\/index.php\/wp-json\/wp\/v2\/users\/1"}],"replies":[{"embeddable":true,"href":"https:\/\/taiji-treff.ch\/index.php\/wp-json\/wp\/v2\/comments?post=225"}],"version-history":[{"count":6,"href":"https:\/\/taiji-treff.ch\/index.php\/wp-json\/wp\/v2\/pages\/225\/revisions"}],"predecessor-version":[{"id":542,"href":"https:\/\/taiji-treff.ch\/index.php\/wp-json\/wp\/v2\/pages\/225\/revisions\/542"}],"wp:attachment":[{"href":"https:\/\/taiji-treff.ch\/index.php\/wp-json\/wp\/v2\/media?parent=225"}],"curies":[{"name":"wp","href":"https:\/\/api.w.org\/{rel}","templated":true}]}}