{"id":217,"date":"2020-05-27T10:14:41","date_gmt":"2020-05-27T10:14:41","guid":{"rendered":"https:\/\/taiji-treff.ch\/?page_id=217"},"modified":"2020-05-29T09:17:56","modified_gmt":"2020-05-29T09:17:56","slug":"haftungsauschluss-datenschutz","status":"publish","type":"page","link":"https:\/\/taiji-treff.ch\/index.php\/haftungsauschluss-datenschutz\/","title":{"rendered":"Haftungsauschluss \/ Datenschutz"},"content":{"rendered":"<h1>Disclaimer \u2013 rechtliche Hinweise<\/h1>\n<p><strong>1. Haftungsbeschr\u00e4nkung<\/strong><br \/>\nDie Inhalte des Internetauftritts wurden mit gr\u00f6\u00dftm\u00f6glicher Sorgfalt und nach bestem Gewissen erstellt. Dennoch \u00fcbernimmt der Anbieter dieser Webseite keine Gew\u00e4hr f\u00fcr die Aktualit\u00e4t, Vollst\u00e4ndigkeit und Richtigkeit der bereitgestellten Seiten und Inhalte.<\/p>\n<p>Als Diensteanbieter ist der Anbieter dieser Webseite gem\u00e4\u00df \u00a7 7 Abs. 1 TMG f\u00fcr eigene Inhalte und bereitgestellte Informationen auf diesen Seiten nach den allgemeinen Gesetzen verantwortlich; nach den \u00a7\u00a7 8 bis 10 TMG jedoch nicht verpflichtet, die \u00fcbermittelten oder gespeicherten fremden Informationen zu \u00fcberwachen. Eine Entfernung oder Sperrung dieser Inhalte erfolgt umgehend ab dem Zeitpunkt der Kenntnis einer konkreten Rechtsverletzung. Eine Haftung ist erst ab dem Zeitpunkt der Kenntniserlangung m\u00f6glich.<\/p>\n<p><strong>2. Externe Links<\/strong><br \/>\nDie Webseite enth\u00e4lt sog. \u201eexterne Links\u201c (Verlinkungen) zu anderen Webseiten, auf deren Inhalt der Anbieter der Webseite keinen Einfluss hat. Aus diesem Grund kann der Anbieter f\u00fcr diese Inhalte auch keine Gew\u00e4hr \u00fcbernehmen.<br \/>\nF\u00fcr die Inhalte und Richtigkeit der bereitgestellten Informationen ist der jeweilige Anbieter der verlinkten Webseite verantwortlich. Zum Zeitpunkt der Verlinkung waren keine Rechtsverst\u00f6\u00dfe erkennbar. Bei Bekanntwerden einer solchen Rechtsverletzung wird der Link umgehend entfernen.<\/p>\n<p><strong>3. Urheberrecht\/Leistungsschutzrecht<\/strong><br \/>\nDie auf dieser Webseite ver\u00f6ffentlichten Inhalte, Werke und bereitgestellten Informationen unterliegen dem schweizerischen Urheberrecht und Leistungsschutzrecht. Jede Art der Vervielf\u00e4ltigung, Bearbeitung, Verbreitung, Einspeicherung und jede Art der Verwertung au\u00dferhalb der Grenzen des Urheberrechts bedarf der vorherigen schriftlichen Zustimmung des jeweiligen Rechteinhabers. Das unerlaubte Kopieren\/Speichern der bereitgestellten Informationen auf diesen Webseiten ist nicht gestattet und strafbar.<\/p>\n<p><strong>4. Datenschutz<\/strong><br \/>\nDurch den Besuch des Internetauftritts k\u00f6nnen Informationen (Datum, Uhrzeit, aufgerufene Seite) \u00fcber den Zugriff auf dem Server gespeichert werden. Es werden keine personenbezogenenen (z. B. Name, Anschrift oder E-Mail-Adresse) Daten, gespeichert.<\/p>\n<p>Sofern personenbezogene Daten erhoben werden, erfolgt dies, sofern m\u00f6glich, nur mit dem vorherigen Einverst\u00e4ndnis des Nutzers der Webseite. Eine Weitergabe der Daten an Dritte findet ohne ausdr\u00fcckliche Zustimmung des Nutzers nicht statt.<\/p>\n<p>Der Anbieter weist darauf hin, dass die \u00dcbertragung von Daten im Internet (z. B. per E-Mail) Sicherheitsl\u00fccken aufweisen und ein l\u00fcckenloser Schutz der Daten vor dem Zugriff Dritter nicht gew\u00e4hrleistet werden kann. Der Anbieter \u00fcbernimmt keine Haftung f\u00fcr die durch solche Sicherheitsl\u00fccken entstandenen Sch\u00e4den.<\/p>\n<p>Der Verwendung der Kontaktdaten durch Dritte zur gewerblichen Nutzung wird ausdr\u00fccklich widersprochen. Es sei denn, der Anbieter hat zuvor seine schriftliche Einwilligung erteilt.<br \/>\nDer Anbieter beh\u00e4lt sich rechtliche Schritte f\u00fcr den Fall der unverlangten Zusendung von Werbeinformationen, z. B. durch Spam-Mails, vor.<\/p>\n<h3>Verwendung von Cookies<\/h3>\n<p>Die Internetseiten verwenden teilweise so genannte Cookies, LocalStorage und SessionStorage. Dies dient dazu, unser Angebot nutzerfreundlicher, effektiver und sicherer zu machen. Local Storage und SessionStorage ist eine Technologie, mit welcher ihr Browser Daten auf Ihrem Computer oder mobilen Ger\u00e4t abspeichert. Cookies sind Textdateien, welche \u00fcber einen Internetbrowser auf einem Computersystem abgelegt und gespeichert werden. Sie k\u00f6nnen die Verwendung von Cookies, LocalStorage und SessionStorage durch entsprechende Einstellung in Ihrem Browser verhindern.<\/p>\n<p>Zahlreiche Internetseiten und Server verwenden Cookies. Viele Cookies enthalten eine sogenannte Cookie-ID. Eine Cookie-ID ist eine eindeutige Kennung des Cookies. Sie besteht aus einer Zeichenfolge, durch welche Internetseiten und Server dem konkreten Internetbrowser zugeordnet werden k\u00f6nnen, in dem das Cookie gespeichert wurde. Dies erm\u00f6glicht es den besuchten Internetseiten und Servern, den individuellen Browser der betroffenen Person von anderen Internetbrowsern, die andere Cookies enthalten, zu unterscheiden. Ein bestimmter Internetbrowser kann \u00fcber die eindeutige Cookie-ID wiedererkannt und identifiziert werden.<\/p>\n<p>Durch den Einsatz von Cookies kann den Nutzern dieser Internetseite nutzerfreundlichere Services bereitstellen, die ohne die Cookie-Setzung nicht m\u00f6glich w\u00e4ren.<\/p>\n<p>Die nachfolgenden Cookies z\u00e4hlen zu den technisch notwendigen Cookies von WordPress.<\/p>\n<p><b>Cookies von WordPress<\/b><\/p>\n<table style=\"width: 100%;\">\n<tbody>\n<tr>\n<th>Name<\/th>\n<th>Zweck<\/th>\n<th>G\u00fcltigkeit<\/th>\n<\/tr>\n<tr>\n<td>wordpress_test_cookie<\/td>\n<td>Dieses Cookie ermittelt, ob die Verwendung von Cookies im Browser deaktiviert wurde. Speicherdauer: Bis zum Ende der Browsersitzung (wird beim Schlie\u00dfen Ihres Internet-Browsers gel\u00f6scht).<\/td>\n<td>Session<\/td>\n<\/tr>\n<tr>\n<td>PHPSESSID<\/td>\n<td>Dieses Cookie speichert Ihre aktuelle Sitzung mit Bezug auf PHP-Anwendungen und gew\u00e4hrleistet so, dass alle Funktionen dieser Website, die auf der PHP-Programmiersprache basieren, vollst\u00e4ndig angezeigt werden k\u00f6nnen. Speicherdauer: Bis zum Ende der Browsersitzung (wird beim Schlie\u00dfen Ihres Internet-Browsers gel\u00f6scht).<\/td>\n<td>Session<\/td>\n<\/tr>\n<tr>\n<td>wordpress_akm_mobile<\/td>\n<td>Diese Cookies werden nur f\u00fcr den Verwaltungsbereich von WordPress verwendet.<\/td>\n<td>1 Jahr<\/td>\n<\/tr>\n<tr>\n<td>wordpress_logged_in_akm_mobile<\/td>\n<td>Diese Cookies werden nur f\u00fcr den Verwaltungsbereich von WordPress verwendet und gelten f\u00fcr andere Seitenbesucher nicht.<\/td>\n<td>Session<\/td>\n<\/tr>\n<tr>\n<td>wp-settings-akm_mobile<\/td>\n<td>Diese Cookies werden nur f\u00fcr den Verwaltungsbereich von WordPress verwendet und gelten f\u00fcr andere Seitenbesucher nicht.<\/td>\n<td>Session<\/td>\n<\/tr>\n<tr>\n<td>wp-settings-time-akm_mobile<\/td>\n<td>Diese Cookies werden nur f\u00fcr den Verwaltungsbereich von WordPress verwendet und gelten f\u00fcr andere Seitenbesucher nicht.<\/td>\n<td>Session<\/td>\n<\/tr>\n<tr>\n<td>ab<\/td>\n<td>wird f\u00fcr A\/B-Tests von neuen Funktionen verwendet.<\/td>\n<td>Session<\/td>\n<\/tr>\n<tr>\n<td>akm_mobile<\/td>\n<td>speichert, ob der Besucher die Mobilversion einer Website angezeigt bekommen m\u00f6chte.<\/td>\n<td>1 Tag<\/td>\n<\/tr>\n<\/tbody>\n<\/table>\n","protected":false},"excerpt":{"rendered":"<p>Disclaimer \u2013 rechtliche Hinweise 1. Haftungsbeschr\u00e4nkung Die Inhalte des Internetauftritts wurden mit gr\u00f6\u00dftm\u00f6glicher Sorgfalt und nach bestem Gewissen erstellt. Dennoch \u00fcbernimmt der Anbieter dieser Webseite keine Gew\u00e4hr f\u00fcr die Aktualit\u00e4t, Vollst\u00e4ndigkeit und Richtigkeit der bereitgestellten Seiten und Inhalte. Als Diensteanbieter&hellip; <\/p>\n","protected":false},"author":1,"featured_media":0,"parent":0,"menu_order":0,"comment_status":"closed","ping_status":"closed","template":"","meta":{"footnotes":""},"class_list":["post-217","page","type-page","status-publish","hentry"],"yoast_head":"<!-- This site is optimized with the Yoast SEO plugin v27.5 - https:\/\/yoast.com\/product\/yoast-seo-wordpress\/ -->\n<title>Haftungsauschluss \/ Datenschutz &#8211; Taiji-Treff Pf\u00e4ffikon<\/title>\n<meta name=\"description\" content=\"Taiji-Treff Pf\u00e4ffikon: Taiji-Grundkurse, ankommen, abschalten, auftanken, Taiji bewegt sanft und kr\u00e4ftigt, sgqt-Member\" \/>\n<meta name=\"robots\" content=\"index, follow, max-snippet:-1, max-image-preview:large, max-video-preview:-1\" \/>\n<link rel=\"canonical\" href=\"https:\/\/taiji-treff.ch\/index.php\/haftungsauschluss-datenschutz\/\" \/>\n<meta property=\"og:locale\" content=\"de_DE\" \/>\n<meta property=\"og:type\" content=\"article\" \/>\n<meta property=\"og:title\" content=\"Haftungsauschluss \/ Datenschutz &#8211; Taiji-Treff Pf\u00e4ffikon\" \/>\n<meta property=\"og:description\" content=\"Taiji-Treff Pf\u00e4ffikon: Taiji-Grundkurse, ankommen, abschalten, auftanken, Taiji bewegt sanft und kr\u00e4ftigt, sgqt-Member\" \/>\n<meta property=\"og:url\" content=\"https:\/\/taiji-treff.ch\/index.php\/haftungsauschluss-datenschutz\/\" \/>\n<meta property=\"og:site_name\" content=\"Taiji-Treff Pf\u00e4ffikon\" \/>\n<meta property=\"article:modified_time\" content=\"2020-05-29T09:17:56+00:00\" \/>\n<meta name=\"twitter:card\" content=\"summary_large_image\" \/>\n<meta name=\"twitter:label1\" content=\"Gesch\u00e4tzte Lesezeit\" \/>\n\t<meta name=\"twitter:data1\" content=\"4\u00a0Minuten\" \/>\n<script type=\"application\/ld+json\" class=\"yoast-schema-graph\">{\"@context\":\"https:\\\/\\\/schema.org\",\"@graph\":[{\"@type\":\"WebPage\",\"@id\":\"https:\\\/\\\/taiji-treff.ch\\\/index.php\\\/haftungsauschluss-datenschutz\\\/\",\"url\":\"https:\\\/\\\/taiji-treff.ch\\\/index.php\\\/haftungsauschluss-datenschutz\\\/\",\"name\":\"Haftungsauschluss \\\/ Datenschutz &#8211; Taiji-Treff Pf\u00e4ffikon\",\"isPartOf\":{\"@id\":\"https:\\\/\\\/taiji-treff.ch\\\/#website\"},\"datePublished\":\"2020-05-27T10:14:41+00:00\",\"dateModified\":\"2020-05-29T09:17:56+00:00\",\"description\":\"Taiji-Treff Pf\u00e4ffikon: Taiji-Grundkurse, ankommen, abschalten, auftanken, Taiji bewegt sanft und kr\u00e4ftigt, sgqt-Member\",\"breadcrumb\":{\"@id\":\"https:\\\/\\\/taiji-treff.ch\\\/index.php\\\/haftungsauschluss-datenschutz\\\/#breadcrumb\"},\"inLanguage\":\"de-CH\",\"potentialAction\":[{\"@type\":\"ReadAction\",\"target\":[\"https:\\\/\\\/taiji-treff.ch\\\/index.php\\\/haftungsauschluss-datenschutz\\\/\"]}]},{\"@type\":\"BreadcrumbList\",\"@id\":\"https:\\\/\\\/taiji-treff.ch\\\/index.php\\\/haftungsauschluss-datenschutz\\\/#breadcrumb\",\"itemListElement\":[{\"@type\":\"ListItem\",\"position\":1,\"name\":\"Home\",\"item\":\"https:\\\/\\\/taiji-treff.ch\\\/\"},{\"@type\":\"ListItem\",\"position\":2,\"name\":\"Haftungsauschluss \\\/ Datenschutz\"}]},{\"@type\":\"WebSite\",\"@id\":\"https:\\\/\\\/taiji-treff.ch\\\/#website\",\"url\":\"https:\\\/\\\/taiji-treff.ch\\\/\",\"name\":\"Taiji-Treff Pf\u00e4ffikon\",\"description\":\"\",\"publisher\":{\"@id\":\"https:\\\/\\\/taiji-treff.ch\\\/#organization\"},\"potentialAction\":[{\"@type\":\"SearchAction\",\"target\":{\"@type\":\"EntryPoint\",\"urlTemplate\":\"https:\\\/\\\/taiji-treff.ch\\\/?s={search_term_string}\"},\"query-input\":{\"@type\":\"PropertyValueSpecification\",\"valueRequired\":true,\"valueName\":\"search_term_string\"}}],\"inLanguage\":\"de-CH\"},{\"@type\":\"Organization\",\"@id\":\"https:\\\/\\\/taiji-treff.ch\\\/#organization\",\"name\":\"taji-treff.ch\",\"url\":\"https:\\\/\\\/taiji-treff.ch\\\/\",\"logo\":{\"@type\":\"ImageObject\",\"inLanguage\":\"de-CH\",\"@id\":\"https:\\\/\\\/taiji-treff.ch\\\/#\\\/schema\\\/logo\\\/image\\\/\",\"url\":\"https:\\\/\\\/taiji-treff.ch\\\/wp-content\\\/uploads\\\/2020\\\/05\\\/yin-yang.png\",\"contentUrl\":\"https:\\\/\\\/taiji-treff.ch\\\/wp-content\\\/uploads\\\/2020\\\/05\\\/yin-yang.png\",\"width\":164,\"height\":163,\"caption\":\"taji-treff.ch\"},\"image\":{\"@id\":\"https:\\\/\\\/taiji-treff.ch\\\/#\\\/schema\\\/logo\\\/image\\\/\"}}]}<\/script>\n<!-- \/ Yoast SEO plugin. -->","yoast_head_json":{"title":"Haftungsauschluss \/ Datenschutz &#8211; Taiji-Treff Pf\u00e4ffikon","description":"Taiji-Treff Pf\u00e4ffikon: Taiji-Grundkurse, ankommen, abschalten, auftanken, Taiji bewegt sanft und kr\u00e4ftigt, sgqt-Member","robots":{"index":"index","follow":"follow","max-snippet":"max-snippet:-1","max-image-preview":"max-image-preview:large","max-video-preview":"max-video-preview:-1"},"canonical":"https:\/\/taiji-treff.ch\/index.php\/haftungsauschluss-datenschutz\/","og_locale":"de_DE","og_type":"article","og_title":"Haftungsauschluss \/ Datenschutz &#8211; Taiji-Treff Pf\u00e4ffikon","og_description":"Taiji-Treff Pf\u00e4ffikon: Taiji-Grundkurse, ankommen, abschalten, auftanken, Taiji bewegt sanft und kr\u00e4ftigt, sgqt-Member","og_url":"https:\/\/taiji-treff.ch\/index.php\/haftungsauschluss-datenschutz\/","og_site_name":"Taiji-Treff Pf\u00e4ffikon","article_modified_time":"2020-05-29T09:17:56+00:00","twitter_card":"summary_large_image","twitter_misc":{"Gesch\u00e4tzte Lesezeit":"4\u00a0Minuten"},"schema":{"@context":"https:\/\/schema.org","@graph":[{"@type":"WebPage","@id":"https:\/\/taiji-treff.ch\/index.php\/haftungsauschluss-datenschutz\/","url":"https:\/\/taiji-treff.ch\/index.php\/haftungsauschluss-datenschutz\/","name":"Haftungsauschluss \/ Datenschutz &#8211; Taiji-Treff Pf\u00e4ffikon","isPartOf":{"@id":"https:\/\/taiji-treff.ch\/#website"},"datePublished":"2020-05-27T10:14:41+00:00","dateModified":"2020-05-29T09:17:56+00:00","description":"Taiji-Treff Pf\u00e4ffikon: Taiji-Grundkurse, ankommen, abschalten, auftanken, Taiji bewegt sanft und kr\u00e4ftigt, sgqt-Member","breadcrumb":{"@id":"https:\/\/taiji-treff.ch\/index.php\/haftungsauschluss-datenschutz\/#breadcrumb"},"inLanguage":"de-CH","potentialAction":[{"@type":"ReadAction","target":["https:\/\/taiji-treff.ch\/index.php\/haftungsauschluss-datenschutz\/"]}]},{"@type":"BreadcrumbList","@id":"https:\/\/taiji-treff.ch\/index.php\/haftungsauschluss-datenschutz\/#breadcrumb","itemListElement":[{"@type":"ListItem","position":1,"name":"Home","item":"https:\/\/taiji-treff.ch\/"},{"@type":"ListItem","position":2,"name":"Haftungsauschluss \/ Datenschutz"}]},{"@type":"WebSite","@id":"https:\/\/taiji-treff.ch\/#website","url":"https:\/\/taiji-treff.ch\/","name":"Taiji-Treff Pf\u00e4ffikon","description":"","publisher":{"@id":"https:\/\/taiji-treff.ch\/#organization"},"potentialAction":[{"@type":"SearchAction","target":{"@type":"EntryPoint","urlTemplate":"https:\/\/taiji-treff.ch\/?s={search_term_string}"},"query-input":{"@type":"PropertyValueSpecification","valueRequired":true,"valueName":"search_term_string"}}],"inLanguage":"de-CH"},{"@type":"Organization","@id":"https:\/\/taiji-treff.ch\/#organization","name":"taji-treff.ch","url":"https:\/\/taiji-treff.ch\/","logo":{"@type":"ImageObject","inLanguage":"de-CH","@id":"https:\/\/taiji-treff.ch\/#\/schema\/logo\/image\/","url":"https:\/\/taiji-treff.ch\/wp-content\/uploads\/2020\/05\/yin-yang.png","contentUrl":"https:\/\/taiji-treff.ch\/wp-content\/uploads\/2020\/05\/yin-yang.png","width":164,"height":163,"caption":"taji-treff.ch"},"image":{"@id":"https:\/\/taiji-treff.ch\/#\/schema\/logo\/image\/"}}]}},"_links":{"self":[{"href":"https:\/\/taiji-treff.ch\/index.php\/wp-json\/wp\/v2\/pages\/217","targetHints":{"allow":["GET"]}}],"collection":[{"href":"https:\/\/taiji-treff.ch\/index.php\/wp-json\/wp\/v2\/pages"}],"about":[{"href":"https:\/\/taiji-treff.ch\/index.php\/wp-json\/wp\/v2\/types\/page"}],"author":[{"embeddable":true,"href":"https:\/\/taiji-treff.ch\/index.php\/wp-json\/wp\/v2\/users\/1"}],"replies":[{"embeddable":true,"href":"https:\/\/taiji-treff.ch\/index.php\/wp-json\/wp\/v2\/comments?post=217"}],"version-history":[{"count":5,"href":"https:\/\/taiji-treff.ch\/index.php\/wp-json\/wp\/v2\/pages\/217\/revisions"}],"predecessor-version":[{"id":315,"href":"https:\/\/taiji-treff.ch\/index.php\/wp-json\/wp\/v2\/pages\/217\/revisions\/315"}],"wp:attachment":[{"href":"https:\/\/taiji-treff.ch\/index.php\/wp-json\/wp\/v2\/media?parent=217"}],"curies":[{"name":"wp","href":"https:\/\/api.w.org\/{rel}","templated":true}]}}